{"id":2764,"date":"2023-04-04T11:13:06","date_gmt":"2023-04-04T11:13:06","guid":{"rendered":"https:\/\/cellorico.com\/casa-de-campo\/?page_id=2764"},"modified":"2023-04-04T14:09:31","modified_gmt":"2023-04-04T14:09:31","slug":"politica-de-privacidade","status":"publish","type":"page","link":"https:\/\/cellorico.com\/casa-de-campo\/politica-de-privacidade\/","title":{"rendered":"Pol\u00edtica de Privacidade"},"content":{"rendered":"\t\t<div data-elementor-type=\"wp-page\" data-elementor-id=\"2764\" class=\"elementor elementor-2764\" data-elementor-settings=\"[]\">\n\t\t\t\t\t\t<div class=\"elementor-inner\">\n\t\t\t\t\t\t\t<div class=\"elementor-section-wrap\">\n\t\t\t\t\t\t\t<section class=\"has_eae_slider elementor-section elementor-top-section elementor-element elementor-element-61f2ce50 elementor-section-boxed elementor-section-height-default elementor-section-height-default\" data-id=\"61f2ce50\" data-element_type=\"section\">\n\t\t\t\t\t\t<div class=\"elementor-container elementor-column-gap-default\">\n\t\t\t\t\t\t\t<div class=\"elementor-row\">\n\t\t\t\t\t<div class=\"has_eae_slider elementor-column elementor-col-100 elementor-top-column elementor-element elementor-element-6fc4013e\" data-id=\"6fc4013e\" data-element_type=\"column\">\n\t\t\t<div class=\"elementor-column-wrap elementor-element-populated\">\n\t\t\t\t\t\t\t<div class=\"elementor-widget-wrap\">\n\t\t\t\t\t\t<div class=\"elementor-element elementor-element-943bf2d elementor-widget elementor-widget-heading\" data-id=\"943bf2d\" data-element_type=\"widget\" data-widget_type=\"heading.default\">\n\t\t\t\t<div class=\"elementor-widget-container\">\n\t\t\t<h1 class=\"elementor-heading-title elementor-size-default\">Pol\u00edtica de Privacidade<\/h1>\t\t<\/div>\n\t\t\t\t<\/div>\n\t\t\t\t<div class=\"elementor-element elementor-element-6570eed5 elementor-widget elementor-widget-text-editor\" data-id=\"6570eed5\" data-element_type=\"widget\" data-widget_type=\"text-editor.default\">\n\t\t\t\t<div class=\"elementor-widget-container\">\n\t\t\t\t\t\t\t\t<div class=\"elementor-text-editor elementor-clearfix\">\n\t\t\t\t<!-- wp:paragraph -->\n<p>Esta Empresa, assume o compromisso de garantir a prote\u00e7\u00e3o de todos os dados pessoais que lhe sejam disponibilizados. Neste sentido foram adoptadas diversas medidas de seguran\u00e7a, de car\u00e1cter t\u00e9cnico e organizativo, de forma a proteger os dados pessoais que nos s\u00e3o disponibilizados, independentemente do suporte onde se encontrem, [\u2026]<\/p>\n<!-- \/wp:paragraph -->\t\t\t\t\t<\/div>\n\t\t\t\t\t\t<\/div>\n\t\t\t\t<\/div>\n\t\t\t\t\t\t<\/div>\n\t\t\t\t\t<\/div>\n\t\t<\/div>\n\t\t\t\t\t\t\t\t<\/div>\n\t\t\t\t\t<\/div>\n\t\t<\/section>\n\t\t\t\t\t\t<\/div>\n\t\t\t\t\t\t<\/div>\n\t\t\t\t\t<\/div>\n\t\t","protected":false},"excerpt":{"rendered":"<p>Pol\u00edtica de Privacidade Esta Empresa, assume o compromisso de garantir a prote\u00e7\u00e3o de todos os dados pessoais que lhe sejam disponibilizados. Neste sentido foram adoptadas diversas medidas de seguran\u00e7a, de car\u00e1cter t\u00e9cnico e organizativo, de forma a proteger os dados pessoais que nos s\u00e3o disponibilizados, independentemente do suporte onde se encontrem, [\u2026]<\/p>\n","protected":false},"author":3,"featured_media":0,"parent":0,"menu_order":0,"comment_status":"closed","ping_status":"closed","template":"elementor_canvas","meta":{"site-sidebar-layout":"default","site-content-layout":"default","ast-main-header-display":"","ast-hfb-above-header-display":"","ast-hfb-below-header-display":"","ast-hfb-mobile-header-display":"","site-post-title":"","ast-breadcrumbs-content":"","ast-featured-img":"","footer-sml-layout":"","theme-transparent-header-meta":"","adv-header-id-meta":"","stick-header-meta":"","header-above-stick-meta":"","header-main-stick-meta":"","header-below-stick-meta":""},"_links":{"self":[{"href":"https:\/\/cellorico.com\/casa-de-campo\/wp-json\/wp\/v2\/pages\/2764"}],"collection":[{"href":"https:\/\/cellorico.com\/casa-de-campo\/wp-json\/wp\/v2\/pages"}],"about":[{"href":"https:\/\/cellorico.com\/casa-de-campo\/wp-json\/wp\/v2\/types\/page"}],"author":[{"embeddable":true,"href":"https:\/\/cellorico.com\/casa-de-campo\/wp-json\/wp\/v2\/users\/3"}],"replies":[{"embeddable":true,"href":"https:\/\/cellorico.com\/casa-de-campo\/wp-json\/wp\/v2\/comments?post=2764"}],"version-history":[{"count":0,"href":"https:\/\/cellorico.com\/casa-de-campo\/wp-json\/wp\/v2\/pages\/2764\/revisions"}],"wp:attachment":[{"href":"https:\/\/cellorico.com\/casa-de-campo\/wp-json\/wp\/v2\/media?parent=2764"}],"curies":[{"name":"wp","href":"https:\/\/api.w.org\/{rel}","templated":true}]}}