{"id":3684,"date":"2024-06-02T16:25:46","date_gmt":"2024-06-02T16:25:46","guid":{"rendered":"https:\/\/cellorico.com\/casa-de-campo\/?page_id=3684"},"modified":"2024-06-02T16:26:56","modified_gmt":"2024-06-02T16:26:56","slug":"the-region","status":"publish","type":"page","link":"https:\/\/cellorico.com\/casa-de-campo\/en\/the-region\/","title":{"rendered":"The Region"},"content":{"rendered":"\t\t<div data-elementor-type=\"wp-post\" data-elementor-id=\"3684\" class=\"elementor elementor-3684\" data-elementor-settings=\"[]\">\n\t\t\t\t\t\t<div class=\"elementor-inner\">\n\t\t\t\t\t\t\t<div class=\"elementor-section-wrap\">\n\t\t\t\t\t\t\t<section class=\"has_eae_slider elementor-section elementor-top-section elementor-element elementor-element-8408d1f elementor-section-boxed elementor-section-height-default elementor-section-height-default\" data-id=\"8408d1f\" data-element_type=\"section\">\n\t\t\t\t\t\t<div class=\"elementor-container elementor-column-gap-default\">\n\t\t\t\t\t\t\t<div class=\"elementor-row\">\n\t\t\t\t\t<div class=\"has_eae_slider elementor-column elementor-col-100 elementor-top-column elementor-element elementor-element-8a957aa\" data-id=\"8a957aa\" data-element_type=\"column\">\n\t\t\t<div class=\"elementor-column-wrap elementor-element-populated\">\n\t\t\t\t\t\t\t<div class=\"elementor-widget-wrap\">\n\t\t\t\t\t\t<div class=\"elementor-element elementor-element-79246cb elementor-aspect-ratio-169 elementor-widget elementor-widget-video\" data-id=\"79246cb\" data-element_type=\"widget\" data-settings=\"{&quot;youtube_url&quot;:&quot;https:\\\/\\\/youtu.be\\\/8BDhE2DiSGM&quot;,&quot;autoplay&quot;:&quot;yes&quot;,&quot;video_type&quot;:&quot;youtube&quot;,&quot;aspect_ratio&quot;:&quot;169&quot;}\" data-widget_type=\"video.default\">\n\t\t\t\t<div class=\"elementor-widget-container\">\n\t\t\t\t\t<div class=\"elementor-wrapper elementor-fit-aspect-ratio elementor-open-inline\">\n\t\t\t<div class=\"elementor-video\"><\/div>\t\t<\/div>\n\t\t\t\t<\/div>\n\t\t\t\t<\/div>\n\t\t\t\t\t\t<\/div>\n\t\t\t\t\t<\/div>\n\t\t<\/div>\n\t\t\t\t\t\t\t\t<\/div>\n\t\t\t\t\t<\/div>\n\t\t<\/section>\n\t\t\t\t<section class=\"has_eae_slider elementor-section elementor-top-section elementor-element elementor-element-8ce59ee elementor-section-stretched elementor-section-boxed elementor-section-height-default elementor-section-height-default\" data-id=\"8ce59ee\" data-element_type=\"section\" data-settings=\"{&quot;stretch_section&quot;:&quot;section-stretched&quot;}\">\n\t\t\t\t\t\t<div class=\"elementor-container elementor-column-gap-default\">\n\t\t\t\t\t\t\t<div class=\"elementor-row\">\n\t\t\t\t\t<div class=\"has_eae_slider elementor-column elementor-col-100 elementor-top-column elementor-element elementor-element-50a806e\" data-id=\"50a806e\" data-element_type=\"column\" data-settings=\"{&quot;background_background&quot;:&quot;classic&quot;}\">\n\t\t\t<div class=\"elementor-column-wrap elementor-element-populated\">\n\t\t\t\t\t\t\t<div class=\"elementor-widget-wrap\">\n\t\t\t\t\t\t<div class=\"elementor-element elementor-element-f82fd13 elementor-widget elementor-widget-lae-heading\" data-id=\"f82fd13\" data-element_type=\"widget\" data-widget_type=\"lae-heading.default\">\n\t\t\t\t<div class=\"elementor-widget-container\">\n\t\t\t\n<div class=\"lae-heading lae-style1 lae-alignleft \" >\n\n    <h2 class=\"lae-title\">The Region<\/h2>\n\n    \n<\/div><!-- .lae-heading -->\t\t<\/div>\n\t\t\t\t<\/div>\n\t\t\t\t\t\t<\/div>\n\t\t\t\t\t<\/div>\n\t\t<\/div>\n\t\t\t\t\t\t\t\t<\/div>\n\t\t\t\t\t<\/div>\n\t\t<\/section>\n\t\t\t\t<section class=\"has_eae_slider elementor-section elementor-top-section elementor-element elementor-element-24dc256 elementor-section-stretched elementor-section-boxed elementor-section-height-default elementor-section-height-default\" data-id=\"24dc256\" data-element_type=\"section\" data-settings=\"{&quot;stretch_section&quot;:&quot;section-stretched&quot;}\">\n\t\t\t\t\t\t<div class=\"elementor-container elementor-column-gap-default\">\n\t\t\t\t\t\t\t<div class=\"elementor-row\">\n\t\t\t\t\t<div class=\"has_eae_slider elementor-column elementor-col-100 elementor-top-column elementor-element elementor-element-6111698\" data-id=\"6111698\" data-element_type=\"column\" data-settings=\"{&quot;background_background&quot;:&quot;classic&quot;}\">\n\t\t\t<div class=\"elementor-column-wrap elementor-element-populated\">\n\t\t\t\t\t\t\t<div class=\"elementor-widget-wrap\">\n\t\t\t\t\t\t<div class=\"elementor-element elementor-element-6a1485c elementor-widget elementor-widget-text-editor\" data-id=\"6a1485c\" data-element_type=\"widget\" data-widget_type=\"text-editor.default\">\n\t\t\t\t<div class=\"elementor-widget-container\">\n\t\t\t\t\t\t\t\t<div class=\"elementor-text-editor elementor-clearfix\">\n\t\t\t\t<p>Located in the <strong>Beira Alta<\/strong> region, the village of <strong>Celorico<\/strong> boasts a rich history and vibrant culture.<\/p><p>With a medieval castle, historic churches, artisanal production of <strong>Serra da Estrela<\/strong> cheese, olive oil mills and windmills, as well as unique traditional festivals, there is much to discover and enjoy in this region. The village of <strong>Celorico<\/strong> is therefore the ideal destination for lovers of historical and cultural tourism.<\/p><p>The local gastronomy is also an irresistible attraction, with delicious dishes such as roast kid, sausages, cheese or chickpea soup. The village is also surrounded by breathtaking natural scenery, with green hills, streams and panoramic viewpoints.<\/p><p>Immerse yourself in the natural beauty of the Serra da Estrela and the historic villages, experience the local culture up close and create unforgettable memories.<\/p><p>Come and visit this charming village and enjoy all that this region has to offer!<\/p>\t\t\t\t\t<\/div>\n\t\t\t\t\t\t<\/div>\n\t\t\t\t<\/div>\n\t\t\t\t\t\t<\/div>\n\t\t\t\t\t<\/div>\n\t\t<\/div>\n\t\t\t\t\t\t\t\t<\/div>\n\t\t\t\t\t<\/div>\n\t\t<\/section>\n\t\t\t\t<section class=\"has_eae_slider elementor-section elementor-top-section elementor-element elementor-element-d273bf5 elementor-section-stretched elementor-section-boxed elementor-section-height-default elementor-section-height-default\" data-id=\"d273bf5\" data-element_type=\"section\" data-settings=\"{&quot;stretch_section&quot;:&quot;section-stretched&quot;}\">\n\t\t\t\t\t\t<div class=\"elementor-container elementor-column-gap-default\">\n\t\t\t\t\t\t\t<div class=\"elementor-row\">\n\t\t\t\t\t<div class=\"has_eae_slider elementor-column elementor-col-100 elementor-top-column elementor-element elementor-element-3827482\" data-id=\"3827482\" data-element_type=\"column\">\n\t\t\t<div class=\"elementor-column-wrap elementor-element-populated\">\n\t\t\t\t\t\t\t<div class=\"elementor-widget-wrap\">\n\t\t\t\t\t\t<div class=\"elementor-element elementor-element-bca8b93 elementor-widget elementor-widget-spacer\" data-id=\"bca8b93\" data-element_type=\"widget\" data-widget_type=\"spacer.default\">\n\t\t\t\t<div class=\"elementor-widget-container\">\n\t\t\t\t\t<div class=\"elementor-spacer\">\n\t\t\t<div class=\"elementor-spacer-inner\"><\/div>\n\t\t<\/div>\n\t\t\t\t<\/div>\n\t\t\t\t<\/div>\n\t\t\t\t\t\t<\/div>\n\t\t\t\t\t<\/div>\n\t\t<\/div>\n\t\t\t\t\t\t\t\t<\/div>\n\t\t\t\t\t<\/div>\n\t\t<\/section>\n\t\t\t\t<section class=\"has_eae_slider elementor-section elementor-top-section elementor-element elementor-element-0630da3 elementor-section-stretched elementor-section-boxed elementor-section-height-default elementor-section-height-default elementor-invisible\" data-id=\"0630da3\" data-element_type=\"section\" data-settings=\"{&quot;stretch_section&quot;:&quot;section-stretched&quot;,&quot;background_background&quot;:&quot;classic&quot;,&quot;animation&quot;:&quot;slideInUp&quot;}\">\n\t\t\t\t\t\t<div class=\"elementor-container elementor-column-gap-default\">\n\t\t\t\t\t\t\t<div class=\"elementor-row\">\n\t\t\t\t\t<div class=\"has_eae_slider elementor-column elementor-col-50 elementor-top-column elementor-element elementor-element-91a9b38\" data-id=\"91a9b38\" data-element_type=\"column\">\n\t\t\t<div class=\"elementor-column-wrap elementor-element-populated\">\n\t\t\t\t\t\t\t<div class=\"elementor-widget-wrap\">\n\t\t\t\t\t\t<div class=\"elementor-element elementor-element-0778a7d elementor-widget elementor-widget-lae-heading\" data-id=\"0778a7d\" data-element_type=\"widget\" data-widget_type=\"lae-heading.default\">\n\t\t\t\t<div class=\"elementor-widget-container\">\n\t\t\t\n<div class=\"lae-heading lae-style1 lae-alignleft \" >\n\n    <h3 class=\"lae-title\">Atividades<\/h3>\n\n    \n        <p class=\"lae-text\">Sugest\u00e3o de atividades para usufruir mais da sua estadia na casa CelloRico<\/p>\n\n    \n<\/div><!-- .lae-heading -->\t\t<\/div>\n\t\t\t\t<\/div>\n\t\t\t\t<div class=\"elementor-element elementor-element-89a8a4d elementor-widget elementor-widget-text-editor\" data-id=\"89a8a4d\" data-element_type=\"widget\" data-widget_type=\"text-editor.default\">\n\t\t\t\t<div class=\"elementor-widget-container\">\n\t\t\t\t\t\t\t\t<div class=\"elementor-text-editor elementor-clearfix\">\n\t\t\t\t<ul><li>Passeios pedestres<\/li><li>Rota das Aldeias Hist\u00f3ricas<\/li><li>Rotas gastron\u00f3micas<\/li><li>Degusta\u00e7\u00e3o de iguarias locais<\/li><li>Degusta\u00e7\u00e3o de vinhos<\/li><li>Bicicleta \/ BTT<\/li><li>Caminhadas<\/li><li>Observa\u00e7\u00e3o de atividade agr\u00edcolas<\/li><li>Observa\u00e7\u00e3o de animais (ovelhas, cabras, c\u00e3es serra da estrela, p\u00e1ssaros, etc.)<\/li><li>Visita \u00e0s gravuras rupestres e ao museu de Foz C\u00f4a<\/li><li>Passeio \u00e1s amendoeiras em flor.<\/li><\/ul>\t\t\t\t\t<\/div>\n\t\t\t\t\t\t<\/div>\n\t\t\t\t<\/div>\n\t\t\t\t\t\t<\/div>\n\t\t\t\t\t<\/div>\n\t\t<\/div>\n\t\t\t\t<div class=\"has_eae_slider elementor-column elementor-col-50 elementor-top-column elementor-element elementor-element-8b74df5\" data-id=\"8b74df5\" data-element_type=\"column\">\n\t\t\t<div class=\"elementor-column-wrap\">\n\t\t\t\t\t\t\t<div class=\"elementor-widget-wrap\">\n\t\t\t\t\t\t\t\t<\/div>\n\t\t\t\t\t<\/div>\n\t\t<\/div>\n\t\t\t\t\t\t\t\t<\/div>\n\t\t\t\t\t<\/div>\n\t\t<\/section>\n\t\t\t\t<section class=\"has_eae_slider elementor-section elementor-top-section elementor-element elementor-element-aba358e elementor-section-boxed elementor-section-height-default elementor-section-height-default\" data-id=\"aba358e\" data-element_type=\"section\">\n\t\t\t\t\t\t<div class=\"elementor-container elementor-column-gap-default\">\n\t\t\t\t\t\t\t<div class=\"elementor-row\">\n\t\t\t\t\t<div class=\"has_eae_slider elementor-column elementor-col-100 elementor-top-column elementor-element elementor-element-b9d9466\" data-id=\"b9d9466\" data-element_type=\"column\">\n\t\t\t<div class=\"elementor-column-wrap elementor-element-populated\">\n\t\t\t\t\t\t\t<div class=\"elementor-widget-wrap\">\n\t\t\t\t\t\t<div class=\"elementor-element elementor-element-aea301d elementor-widget elementor-widget-spacer\" data-id=\"aea301d\" data-element_type=\"widget\" data-widget_type=\"spacer.default\">\n\t\t\t\t<div class=\"elementor-widget-container\">\n\t\t\t\t\t<div class=\"elementor-spacer\">\n\t\t\t<div class=\"elementor-spacer-inner\"><\/div>\n\t\t<\/div>\n\t\t\t\t<\/div>\n\t\t\t\t<\/div>\n\t\t\t\t<div class=\"elementor-element elementor-element-c1b4e4f elementor-widget elementor-widget-lae-heading\" data-id=\"c1b4e4f\" data-element_type=\"widget\" data-widget_type=\"lae-heading.default\">\n\t\t\t\t<div class=\"elementor-widget-container\">\n\t\t\t\n<div class=\"lae-heading lae-style1 lae-alignleft \" >\n\n    <h2 class=\"lae-title\">Pontos de interesse<\/h2>\n\n    \n        <p class=\"lae-text\">H\u00e1 tanto para visitar \u00e0 nossa volta!<\/p>\n\n    \n<\/div><!-- .lae-heading -->\t\t<\/div>\n\t\t\t\t<\/div>\n\t\t\t\t\t\t<\/div>\n\t\t\t\t\t<\/div>\n\t\t<\/div>\n\t\t\t\t\t\t\t\t<\/div>\n\t\t\t\t\t<\/div>\n\t\t<\/section>\n\t\t\t\t<section class=\"has_eae_slider elementor-section elementor-top-section elementor-element elementor-element-a3f922b elementor-section-boxed elementor-section-height-default elementor-section-height-default\" data-id=\"a3f922b\" data-element_type=\"section\">\n\t\t\t\t\t\t<div class=\"elementor-container elementor-column-gap-default\">\n\t\t\t\t\t\t\t<div class=\"elementor-row\">\n\t\t\t\t\t<div class=\"has_eae_slider elementor-column elementor-col-33 elementor-top-column elementor-element elementor-element-0d09a7c elementor-invisible\" data-id=\"0d09a7c\" data-element_type=\"column\" data-settings=\"{&quot;background_background&quot;:&quot;classic&quot;,&quot;animation&quot;:&quot;slideInLeft&quot;}\">\n\t\t\t<div class=\"elementor-column-wrap elementor-element-populated\">\n\t\t\t\t\t\t\t<div class=\"elementor-widget-wrap\">\n\t\t\t\t\t\t<div class=\"elementor-element elementor-element-e05d838 elementor-widget elementor-widget-heading\" data-id=\"e05d838\" data-element_type=\"widget\" data-widget_type=\"heading.default\">\n\t\t\t\t<div class=\"elementor-widget-container\">\n\t\t\t<h2 class=\"elementor-heading-title elementor-size-default\">Vila Celorico da Beira<\/h2>\t\t<\/div>\n\t\t\t\t<\/div>\n\t\t\t\t<div class=\"elementor-element elementor-element-7646298 elementor-widget elementor-widget-text-editor\" data-id=\"7646298\" data-element_type=\"widget\" data-widget_type=\"text-editor.default\">\n\t\t\t\t<div class=\"elementor-widget-container\">\n\t\t\t\t\t\t\t\t<div class=\"elementor-text-editor elementor-clearfix\">\n\t\t\t\t<ul><li>Castelo de Celorico da Beira<\/li><li>Torre do Rel\u00f3gio<\/li><li>Museu do Agricultor e do Queijo<\/li><li>Igreja de Sta Maria<\/li><li>A Igreja de S. Pedro<\/li><li>Igreja da Miseric\u00f3rdia<\/li><li>Cal\u00e7ada Romana<\/li><li>Praia fluvial da Ratoeira (Rio Mondego)<\/li><li>Quintas e Queijarias artesanais<\/li><li>Necr\u00f3pole de S. Gens<\/li><\/ul>\t\t\t\t\t<\/div>\n\t\t\t\t\t\t<\/div>\n\t\t\t\t<\/div>\n\t\t\t\t\t\t<\/div>\n\t\t\t\t\t<\/div>\n\t\t<\/div>\n\t\t\t\t<div class=\"has_eae_slider elementor-column elementor-col-33 elementor-top-column elementor-element elementor-element-8d754dc elementor-invisible\" data-id=\"8d754dc\" data-element_type=\"column\" data-settings=\"{&quot;animation&quot;:&quot;slideInUp&quot;}\">\n\t\t\t<div class=\"elementor-column-wrap elementor-element-populated\">\n\t\t\t\t\t\t\t<div class=\"elementor-widget-wrap\">\n\t\t\t\t\t\t<div class=\"elementor-element elementor-element-649dac2 elementor-widget elementor-widget-heading\" data-id=\"649dac2\" data-element_type=\"widget\" data-widget_type=\"heading.default\">\n\t\t\t\t<div class=\"elementor-widget-container\">\n\t\t\t<h2 class=\"elementor-heading-title elementor-size-default\">Concelho Celorico<\/h2>\t\t<\/div>\n\t\t\t\t<\/div>\n\t\t\t\t<div class=\"elementor-element elementor-element-1efc4a8 elementor-widget elementor-widget-text-editor\" data-id=\"1efc4a8\" data-element_type=\"widget\" data-widget_type=\"text-editor.default\">\n\t\t\t\t<div class=\"elementor-widget-container\">\n\t\t\t\t\t\t\t\t<div class=\"elementor-text-editor elementor-clearfix\">\n\t\t\t\t<ul><li>Castelo de Linhares da Beira<\/li><li>Casa do Mundo Rural de Prados<\/li><li>Igreja matriz da Carrapichana<\/li><li>Igreja matriz da Mesquitela<\/li><li>Igreja matriz de Cadafaz<\/li><li>Igreja de A\u00e7ores &#8211; uma das mais antigas igrejas da Beira Alta<\/li><li>Capela de Santa Ana, na Velosa<\/li><li>Necr\u00f3pole de S. Gens<\/li><li>Pontes<\/li><li>Pelourinhos<\/li><\/ul>\t\t\t\t\t<\/div>\n\t\t\t\t\t\t<\/div>\n\t\t\t\t<\/div>\n\t\t\t\t\t\t<\/div>\n\t\t\t\t\t<\/div>\n\t\t<\/div>\n\t\t\t\t<div class=\"has_eae_slider elementor-column elementor-col-33 elementor-top-column elementor-element elementor-element-cd00737 elementor-invisible\" data-id=\"cd00737\" data-element_type=\"column\" data-settings=\"{&quot;background_background&quot;:&quot;classic&quot;,&quot;animation&quot;:&quot;slideInRight&quot;}\">\n\t\t\t<div class=\"elementor-column-wrap elementor-element-populated\">\n\t\t\t\t\t\t\t<div class=\"elementor-widget-wrap\">\n\t\t\t\t\t\t<div class=\"elementor-element elementor-element-33baa14 elementor-widget elementor-widget-heading\" data-id=\"33baa14\" data-element_type=\"widget\" data-widget_type=\"heading.default\">\n\t\t\t\t<div class=\"elementor-widget-container\">\n\t\t\t<h2 class=\"elementor-heading-title elementor-size-default\">Na Regi\u00e3o<\/h2>\t\t<\/div>\n\t\t\t\t<\/div>\n\t\t\t\t<div class=\"elementor-element elementor-element-9f5788c elementor-widget elementor-widget-text-editor\" data-id=\"9f5788c\" data-element_type=\"widget\" data-widget_type=\"text-editor.default\">\n\t\t\t\t<div class=\"elementor-widget-container\">\n\t\t\t\t\t\t\t\t<div class=\"elementor-text-editor elementor-clearfix\">\n\t\t\t\t<ul><li>Parque Natural da Serra da Estrela<\/li><li>Circuito das 12 aldeias hist\u00f3ricas Almeida, Belmonte, Castelo Mendo, Castelo Novo, Castelo Rodrigo, Idanha-a-Velha, Linhares da Beira, Marialva, Monsanto, Pi\u00f3d\u00e3o, Sortelha e Trancoso<\/li><li>N\u00facleos monumentais e museus de Viseu e da Guarda<\/li><li>Manteigas<\/li><li>Gravuras rupestres e Museu do C\u00f4a<\/li><li>Museu de P\u00e3o, Seia<\/li><li>Museu do Brinquedo, Seia<\/li><li>Parque Zool\u00f3gico, em Gouveia<\/li><li>Aldeias de montanha<\/li><li>Centro de Interpreta\u00e7\u00e3o da Serra da Estrela<\/li><li>Praias fluviais da regi\u00e3o<\/li><li>Curso do rio Mondego<\/li><li>Praias fluviais<\/li><li>A\u00e7udes e moinhos<\/li><li>Antas de Corti\u00e7\u00f4 e Matan\u00e7a<\/li><li>Castros de S. Miguel e Fraga da Pena<\/li><li>Cal\u00e7ada Romana de Fornos de Algodres<\/li><li>Necr\u00f3pole de Forcadas<\/li><\/ul>\t\t\t\t\t<\/div>\n\t\t\t\t\t\t<\/div>\n\t\t\t\t<\/div>\n\t\t\t\t\t\t<\/div>\n\t\t\t\t\t<\/div>\n\t\t<\/div>\n\t\t\t\t\t\t\t\t<\/div>\n\t\t\t\t\t<\/div>\n\t\t<\/section>\n\t\t\t\t\t\t<\/div>\n\t\t\t\t\t\t<\/div>\n\t\t\t\t\t<\/div>\n\t\t","protected":false},"excerpt":{"rendered":"<p>The Region Located in the Beira Alta region, the village of Celorico boasts a rich history and vibrant culture. With a medieval castle, historic churches, artisanal production of Serra da Estrela cheese, olive oil mills and windmills, as well as unique traditional festivals, there is much to discover and enjoy in this region. The village &hellip;<\/p>\n<p class=\"read-more\"> <a class=\"\" href=\"https:\/\/cellorico.com\/casa-de-campo\/en\/the-region\/\"> <span class=\"screen-reader-text\">The Region<\/span> Read More &raquo;<\/a><\/p>\n","protected":false},"author":3,"featured_media":0,"parent":0,"menu_order":9,"comment_status":"closed","ping_status":"closed","template":"elementor_canvas","meta":{"site-sidebar-layout":"no-sidebar","site-content-layout":"plain-container","ast-main-header-display":"","ast-hfb-above-header-display":"","ast-hfb-below-header-display":"","ast-hfb-mobile-header-display":"","site-post-title":"disabled","ast-breadcrumbs-content":"","ast-featured-img":"disabled","footer-sml-layout":"","theme-transparent-header-meta":"default","adv-header-id-meta":"","stick-header-meta":"","header-above-stick-meta":"","header-main-stick-meta":"","header-below-stick-meta":""},"_links":{"self":[{"href":"https:\/\/cellorico.com\/casa-de-campo\/wp-json\/wp\/v2\/pages\/3684"}],"collection":[{"href":"https:\/\/cellorico.com\/casa-de-campo\/wp-json\/wp\/v2\/pages"}],"about":[{"href":"https:\/\/cellorico.com\/casa-de-campo\/wp-json\/wp\/v2\/types\/page"}],"author":[{"embeddable":true,"href":"https:\/\/cellorico.com\/casa-de-campo\/wp-json\/wp\/v2\/users\/3"}],"replies":[{"embeddable":true,"href":"https:\/\/cellorico.com\/casa-de-campo\/wp-json\/wp\/v2\/comments?post=3684"}],"version-history":[{"count":4,"href":"https:\/\/cellorico.com\/casa-de-campo\/wp-json\/wp\/v2\/pages\/3684\/revisions"}],"predecessor-version":[{"id":3688,"href":"https:\/\/cellorico.com\/casa-de-campo\/wp-json\/wp\/v2\/pages\/3684\/revisions\/3688"}],"wp:attachment":[{"href":"https:\/\/cellorico.com\/casa-de-campo\/wp-json\/wp\/v2\/media?parent=3684"}],"curies":[{"name":"wp","href":"https:\/\/api.w.org\/{rel}","templated":true}]}}