{"id":3719,"date":"2024-06-02T17:11:36","date_gmt":"2024-06-02T17:11:36","guid":{"rendered":"https:\/\/cellorico.com\/casa-de-campo\/?page_id=3719"},"modified":"2024-06-02T17:15:14","modified_gmt":"2024-06-02T17:15:14","slug":"migas-de-bacalhau-2","status":"publish","type":"page","link":"https:\/\/cellorico.com\/casa-de-campo\/en\/migas-de-bacalhau-2\/","title":{"rendered":"Migas de Bacalhau"},"content":{"rendered":"\t\t<div data-elementor-type=\"wp-page\" data-elementor-id=\"3719\" class=\"elementor elementor-3719\" data-elementor-settings=\"[]\">\n\t\t\t\t\t\t<div class=\"elementor-inner\">\n\t\t\t\t\t\t\t<div class=\"elementor-section-wrap\">\n\t\t\t\t\t\t\t<section class=\"has_eae_slider elementor-section elementor-top-section elementor-element elementor-element-2ce1b81 elementor-section-boxed elementor-section-height-default elementor-section-height-default\" data-id=\"2ce1b81\" data-element_type=\"section\">\n\t\t\t\t\t\t<div class=\"elementor-container elementor-column-gap-default\">\n\t\t\t\t\t\t\t<div class=\"elementor-row\">\n\t\t\t\t\t<div class=\"has_eae_slider elementor-column elementor-col-33 elementor-top-column elementor-element elementor-element-bf0b26f\" data-id=\"bf0b26f\" data-element_type=\"column\">\n\t\t\t<div class=\"elementor-column-wrap elementor-element-populated\">\n\t\t\t\t\t\t\t<div class=\"elementor-widget-wrap\">\n\t\t\t\t\t\t\t\t<\/div>\n\t\t\t\t\t<\/div>\n\t\t<\/div>\n\t\t\t\t<div class=\"has_eae_slider elementor-column elementor-col-66 elementor-top-column elementor-element elementor-element-3b68a91\" data-id=\"3b68a91\" data-element_type=\"column\">\n\t\t\t<div class=\"elementor-column-wrap elementor-element-populated\">\n\t\t\t\t\t\t\t<div class=\"elementor-widget-wrap\">\n\t\t\t\t\t\t<div class=\"elementor-element elementor-element-fcf4d79 elementor-widget elementor-widget-heading\" data-id=\"fcf4d79\" data-element_type=\"widget\" data-widget_type=\"heading.default\">\n\t\t\t\t<div class=\"elementor-widget-container\">\n\t\t\t<h2 class=\"elementor-heading-title elementor-size-default\">Voltar \u00e0s experi\u00eancias gastron\u00f3micas<\/h2>\t\t<\/div>\n\t\t\t\t<\/div>\n\t\t\t\t\t\t<\/div>\n\t\t\t\t\t<\/div>\n\t\t<\/div>\n\t\t\t\t\t\t\t\t<\/div>\n\t\t\t\t\t<\/div>\n\t\t<\/section>\n\t\t\t\t<section class=\"has_eae_slider elementor-section elementor-top-section elementor-element elementor-element-688c261 elementor-section-boxed elementor-section-height-default elementor-section-height-default\" data-id=\"688c261\" data-element_type=\"section\">\n\t\t\t\t\t\t<div class=\"elementor-container elementor-column-gap-default\">\n\t\t\t\t\t\t\t<div class=\"elementor-row\">\n\t\t\t\t\t<div class=\"has_eae_slider elementor-column elementor-col-100 elementor-top-column elementor-element elementor-element-e5f6c67\" data-id=\"e5f6c67\" data-element_type=\"column\">\n\t\t\t<div class=\"elementor-column-wrap elementor-element-populated\">\n\t\t\t\t\t\t\t<div class=\"elementor-widget-wrap\">\n\t\t\t\t\t\t<div class=\"elementor-element elementor-element-b608de6 elementor-widget elementor-widget-heading\" data-id=\"b608de6\" data-element_type=\"widget\" data-widget_type=\"heading.default\">\n\t\t\t\t<div class=\"elementor-widget-container\">\n\t\t\t<h2 class=\"elementor-heading-title elementor-size-default\">Migas de Bacalhau<\/h2>\t\t<\/div>\n\t\t\t\t<\/div>\n\t\t\t\t\t\t<\/div>\n\t\t\t\t\t<\/div>\n\t\t<\/div>\n\t\t\t\t\t\t\t\t<\/div>\n\t\t\t\t\t<\/div>\n\t\t<\/section>\n\t\t\t\t<section class=\"has_eae_slider elementor-section elementor-top-section elementor-element elementor-element-e536fca elementor-section-boxed elementor-section-height-default elementor-section-height-default\" data-id=\"e536fca\" data-element_type=\"section\">\n\t\t\t\t\t\t<div class=\"elementor-container elementor-column-gap-default\">\n\t\t\t\t\t\t\t<div class=\"elementor-row\">\n\t\t\t\t\t<div class=\"has_eae_slider elementor-column elementor-col-50 elementor-top-column elementor-element elementor-element-1776dc8\" data-id=\"1776dc8\" data-element_type=\"column\">\n\t\t\t<div class=\"elementor-column-wrap elementor-element-populated\">\n\t\t\t\t\t\t\t<div class=\"elementor-widget-wrap\">\n\t\t\t\t\t\t<div class=\"elementor-element elementor-element-b928802 elementor-widget elementor-widget-heading\" data-id=\"b928802\" data-element_type=\"widget\" data-widget_type=\"heading.default\">\n\t\t\t\t<div class=\"elementor-widget-container\">\n\t\t\t<h5 class=\"elementor-heading-title elementor-size-default\">Traditional Dishes Kit (Self-degustation in the apartment)<\/h5>\t\t<\/div>\n\t\t\t\t<\/div>\n\t\t\t\t<div class=\"elementor-element elementor-element-4878233 elementor-widget elementor-widget-text-editor\" data-id=\"4878233\" data-element_type=\"widget\" data-widget_type=\"text-editor.default\">\n\t\t\t\t<div class=\"elementor-widget-container\">\n\t\t\t\t\t\t\t\t<div class=\"elementor-text-editor elementor-clearfix\">\n\t\t\t\t<p class=\"MsoNormal\"><span lang=\"EN-US\">This recipe originated in the former restaurant &#8220;Escorropicha\u2019Ana&#8221; by the hands of the then Chef Ant\u00f3nio Santos, the current Chef of Casa Cellorico.<\/span><\/p><p class=\"MsoNormal\"><span lang=\"EN-US\">As a Chef and native of this region, Ant\u00f3nio Santos not only seeks to respect traditions but also to enhance the flavors of each product used here.<\/span><\/p><p class=\"MsoNormal\"><span lang=\"EN-US\">With his Codfish Crumbs, he not only achieved what he intended in terms of flavors and tradition but also made his mark, making this one of the most sought-after dishes in the restaurant.<\/span><\/p><p class=\"MsoNormal\"><span lang=\"EN-US\">Between 2001 and 2003, thanks to the Codfish Crumbs, among other dishes, the restaurant was distinguished as one of the top one hundred and fifty in the country, thus leaving a mark throughout the country.<\/span><\/p>\t\t\t\t\t<\/div>\n\t\t\t\t\t\t<\/div>\n\t\t\t\t<\/div>\n\t\t\t\t\t\t<\/div>\n\t\t\t\t\t<\/div>\n\t\t<\/div>\n\t\t\t\t<div class=\"has_eae_slider elementor-column elementor-col-50 elementor-top-column elementor-element elementor-element-aca9ff3\" data-id=\"aca9ff3\" data-element_type=\"column\" data-settings=\"{&quot;background_background&quot;:&quot;classic&quot;}\">\n\t\t\t<div class=\"elementor-column-wrap elementor-element-populated\">\n\t\t\t\t\t\t\t<div class=\"elementor-widget-wrap\">\n\t\t\t\t\t\t<div class=\"elementor-element elementor-element-5585c5f elementor-widget elementor-widget-text-editor\" data-id=\"5585c5f\" data-element_type=\"widget\" data-widget_type=\"text-editor.default\">\n\t\t\t\t<div class=\"elementor-widget-container\">\n\t\t\t\t\t\t\t\t<div class=\"elementor-text-editor elementor-clearfix\">\n\t\t\t\t<p><strong>Preparation Method<\/strong><\/p><p>In a frying pan (bottom shelf), add a drizzle of olive oil, and add the codfish crumbs, heating over medium heat for 4 minutes, stirring occasionally, or place the crumbs on a plate\/bowl and heat for 3 minutes in the microwave (1st button).<\/p><p>Place the rye toast on a plate, then add the codfish crumbs on top of the toast.<\/p><p>Finish with a drizzle of olive oil.<\/p>\t\t\t\t\t<\/div>\n\t\t\t\t\t\t<\/div>\n\t\t\t\t<\/div>\n\t\t\t\t\t\t<\/div>\n\t\t\t\t\t<\/div>\n\t\t<\/div>\n\t\t\t\t\t\t\t\t<\/div>\n\t\t\t\t\t<\/div>\n\t\t<\/section>\n\t\t\t\t<section class=\"has_eae_slider elementor-section elementor-top-section elementor-element elementor-element-bafbe76 elementor-section-boxed elementor-section-height-default elementor-section-height-default\" data-id=\"bafbe76\" data-element_type=\"section\">\n\t\t\t\t\t\t<div class=\"elementor-container elementor-column-gap-default\">\n\t\t\t\t\t\t\t<div class=\"elementor-row\">\n\t\t\t\t\t<div class=\"has_eae_slider elementor-column elementor-col-100 elementor-top-column elementor-element elementor-element-3b8c0fa\" data-id=\"3b8c0fa\" data-element_type=\"column\">\n\t\t\t<div class=\"elementor-column-wrap elementor-element-populated\">\n\t\t\t\t\t\t\t<div class=\"elementor-widget-wrap\">\n\t\t\t\t\t\t<div class=\"elementor-element elementor-element-6dcae4a elementor-aspect-ratio-169 elementor-widget elementor-widget-video\" data-id=\"6dcae4a\" data-element_type=\"widget\" data-settings=\"{&quot;youtube_url&quot;:&quot;https:\\\/\\\/youtu.be\\\/YX5UjHw3JYQ&quot;,&quot;video_type&quot;:&quot;youtube&quot;,&quot;aspect_ratio&quot;:&quot;169&quot;}\" data-widget_type=\"video.default\">\n\t\t\t\t<div class=\"elementor-widget-container\">\n\t\t\t\t\t<div class=\"elementor-wrapper elementor-fit-aspect-ratio elementor-open-inline\">\n\t\t\t<div class=\"elementor-video\"><\/div>\t\t<\/div>\n\t\t\t\t<\/div>\n\t\t\t\t<\/div>\n\t\t\t\t\t\t<\/div>\n\t\t\t\t\t<\/div>\n\t\t<\/div>\n\t\t\t\t\t\t\t\t<\/div>\n\t\t\t\t\t<\/div>\n\t\t<\/section>\n\t\t\t\t<section class=\"has_eae_slider elementor-section elementor-top-section elementor-element elementor-element-de56b20 elementor-section-boxed elementor-section-height-default elementor-section-height-default\" data-id=\"de56b20\" data-element_type=\"section\">\n\t\t\t\t\t\t<div class=\"elementor-container elementor-column-gap-default\">\n\t\t\t\t\t\t\t<div class=\"elementor-row\">\n\t\t\t\t\t<div class=\"has_eae_slider elementor-column elementor-col-100 elementor-top-column elementor-element elementor-element-758fe41\" data-id=\"758fe41\" data-element_type=\"column\">\n\t\t\t<div class=\"elementor-column-wrap elementor-element-populated\">\n\t\t\t\t\t\t\t<div class=\"elementor-widget-wrap\">\n\t\t\t\t\t\t\t\t<\/div>\n\t\t\t\t\t<\/div>\n\t\t<\/div>\n\t\t\t\t\t\t\t\t<\/div>\n\t\t\t\t\t<\/div>\n\t\t<\/section>\n\t\t\t\t\t\t<\/div>\n\t\t\t\t\t\t<\/div>\n\t\t\t\t\t<\/div>\n\t\t","protected":false},"excerpt":{"rendered":"<p>Voltar \u00e0s experi\u00eancias gastron\u00f3micas Migas de Bacalhau Traditional Dishes Kit (Self-degustation in the apartment) This recipe originated in the former restaurant &#8220;Escorropicha\u2019Ana&#8221; by the hands of the then Chef Ant\u00f3nio Santos, the current Chef of Casa Cellorico. As a Chef and native of this region, Ant\u00f3nio Santos not only seeks to respect traditions but also &hellip;<\/p>\n<p class=\"read-more\"> <a class=\"\" href=\"https:\/\/cellorico.com\/casa-de-campo\/en\/migas-de-bacalhau-2\/\"> <span class=\"screen-reader-text\">Migas de Bacalhau<\/span> Read More &raquo;<\/a><\/p>\n","protected":false},"author":3,"featured_media":2929,"parent":0,"menu_order":0,"comment_status":"closed","ping_status":"closed","template":"","meta":{"site-sidebar-layout":"no-sidebar","site-content-layout":"page-builder","ast-main-header-display":"","ast-hfb-above-header-display":"","ast-hfb-below-header-display":"","ast-hfb-mobile-header-display":"","site-post-title":"disabled","ast-breadcrumbs-content":"","ast-featured-img":"disabled","footer-sml-layout":"","theme-transparent-header-meta":"","adv-header-id-meta":"","stick-header-meta":"","header-above-stick-meta":"","header-main-stick-meta":"","header-below-stick-meta":""},"_links":{"self":[{"href":"https:\/\/cellorico.com\/casa-de-campo\/wp-json\/wp\/v2\/pages\/3719"}],"collection":[{"href":"https:\/\/cellorico.com\/casa-de-campo\/wp-json\/wp\/v2\/pages"}],"about":[{"href":"https:\/\/cellorico.com\/casa-de-campo\/wp-json\/wp\/v2\/types\/page"}],"author":[{"embeddable":true,"href":"https:\/\/cellorico.com\/casa-de-campo\/wp-json\/wp\/v2\/users\/3"}],"replies":[{"embeddable":true,"href":"https:\/\/cellorico.com\/casa-de-campo\/wp-json\/wp\/v2\/comments?post=3719"}],"version-history":[{"count":10,"href":"https:\/\/cellorico.com\/casa-de-campo\/wp-json\/wp\/v2\/pages\/3719\/revisions"}],"predecessor-version":[{"id":3732,"href":"https:\/\/cellorico.com\/casa-de-campo\/wp-json\/wp\/v2\/pages\/3719\/revisions\/3732"}],"wp:featuredmedia":[{"embeddable":true,"href":"https:\/\/cellorico.com\/casa-de-campo\/wp-json\/wp\/v2\/media\/2929"}],"wp:attachment":[{"href":"https:\/\/cellorico.com\/casa-de-campo\/wp-json\/wp\/v2\/media?parent=3719"}],"curies":[{"name":"wp","href":"https:\/\/api.w.org\/{rel}","templated":true}]}}